{"id":267,"date":"2022-10-20T07:48:47","date_gmt":"2022-10-20T07:48:47","guid":{"rendered":"http:\/\/www.hideahose.eu\/?page_id=267"},"modified":"2025-11-14T14:52:17","modified_gmt":"2025-11-14T13:52:17","slug":"sur-les-ons","status":"publish","type":"page","link":"https:\/\/www.hideahose.eu\/fr\/over-ons\/","title":{"rendered":"Sur les ons"},"content":{"rendered":"<section class=\"section\" id=\"section_1262515955\">\n\t\t<div class=\"section-bg fill\" >\n\t\t\t\t\t\t\t\t\t\n\t\t\t\n\n\t\t<\/div>\n\n\t\t\n\n\t\t<div class=\"section-content relative\">\n\t\t\t\n<div class=\"row align-middle\"  id=\"row-805717139\">\n\n\t<div id=\"col-273555177\" class=\"col medium-6 small-12 large-6\"  >\n\t\t\t\t<div class=\"col-inner\"  >\n\t\t\t\n\t\t\t\n\t\t<\/div>\n\t\t\t\t\t<\/div>\n\n\t\n\n\t<div id=\"col-1078106528\" class=\"col medium-6 small-12 large-6\"  >\n\t\t\t\t<div class=\"col-inner\"  >\n\t\t\t\n\t\t\t\n<h1>Profil de l'entreprise<\/h1>\n<p>Une division d'Astrovac, importateur de syst\u00e8mes d'aspiration centralis\u00e9e depuis 1979.<\/p>\n<p>L'entreprise est le fier distributeur pour l'Europe de la marque mondialement connue Hide-a-Hose. Les syst\u00e8mes de r\u00e9traction de tuyau de haute qualit\u00e9 sont distribu\u00e9s directement dans la boutique en ligne, sans commissions int\u00e9gr\u00e9es pour les revendeurs. De cette mani\u00e8re, les syst\u00e8mes de r\u00e9traction de tuyau sont accessibles et abordables pour tout le monde.<\/p>\n<p>Depuis l'entrep\u00f4t central, presque toutes les commandes sont exp\u00e9di\u00e9es dans un d\u00e9lai de 1 \u00e0 2 jours ouvrables.<\/p>\n<a href=\"\/fr\/shop\/\" class=\"button secondary is-outline\" >\n\t\t<span>Boutique en ligne<\/span>\n\t<\/a>\n\n<a href=\"\/fr\/contact\/\" class=\"button primary is-outline\" >\n\t\t<span>Contactez nous<\/span>\n\t<\/a>\n\n\t\t<\/div>\n\t\t\t\t\t<\/div>\n\n\t\n<\/div>\n\t\t<\/div>\n\n\t\t\n<style>\n#section_1262515955 {\n  padding-top: 30px;\n  padding-bottom: 30px;\n}\n<\/style>\n\t<\/section>","protected":false},"excerpt":{"rendered":"","protected":false},"author":2,"featured_media":1869,"parent":0,"menu_order":0,"comment_status":"closed","ping_status":"closed","template":"","meta":{"inline_featured_image":false,"footnotes":""},"class_list":["post-267","page","type-page","status-publish","has-post-thumbnail","hentry"],"yoast_head":"<!-- This site is optimized with the Yoast SEO plugin v27.3 - https:\/\/yoast.com\/product\/yoast-seo-wordpress\/ -->\n<title>Over ons - Central Vacuum System - Hide A Hose Europe<\/title>\n<meta name=\"description\" content=\"Learn everything about Hide a Hose Europe, Your partner in Retractable hose systems. Order today and have it installed.\" \/>\n<meta name=\"robots\" content=\"index, follow, max-snippet:-1, max-image-preview:large, max-video-preview:-1\" \/>\n<link rel=\"canonical\" href=\"https:\/\/www.hideahose.eu\/fr\/sur-les-ons\/\" \/>\n<meta property=\"og:locale\" content=\"fr_FR\" \/>\n<meta property=\"og:type\" content=\"article\" \/>\n<meta property=\"og:title\" content=\"Over ons - Central Vacuum System - Hide A Hose Europe\" \/>\n<meta property=\"og:description\" content=\"Learn everything about Hide a Hose Europe, Your partner in Retractable hose systems. Order today and have it installed.\" \/>\n<meta property=\"og:url\" content=\"https:\/\/www.hideahose.eu\/fr\/sur-les-ons\/\" \/>\n<meta property=\"og:site_name\" content=\"Hide A Hose Europe\" \/>\n<meta property=\"article:publisher\" content=\"https:\/\/www.facebook.com\/hideahose\" \/>\n<meta property=\"article:modified_time\" content=\"2025-11-14T13:52:17+00:00\" \/>\n<meta property=\"og:image\" content=\"https:\/\/www.hideahose.eu\/wp-content\/uploads\/2023\/01\/moskesbaan-1024x576-1.jpg\" \/>\n\t<meta property=\"og:image:width\" content=\"1024\" \/>\n\t<meta property=\"og:image:height\" content=\"576\" \/>\n\t<meta property=\"og:image:type\" content=\"image\/jpeg\" \/>\n<meta name=\"twitter:card\" content=\"summary_large_image\" \/>\n<meta name=\"twitter:label1\" content=\"Dur\u00e9e de lecture estim\u00e9e\" \/>\n\t<meta name=\"twitter:data1\" content=\"4 minutes\" \/>\n<script type=\"application\/ld+json\" class=\"yoast-schema-graph\">{\"@context\":\"https:\\\/\\\/schema.org\",\"@graph\":[{\"@type\":\"WebPage\",\"@id\":\"https:\\\/\\\/www.hideahose.eu\\\/over-ons\\\/\",\"url\":\"https:\\\/\\\/www.hideahose.eu\\\/over-ons\\\/\",\"name\":\"Over ons - Central Vacuum System - Hide A Hose Europe\",\"isPartOf\":{\"@id\":\"https:\\\/\\\/www.hideahose.eu\\\/#website\"},\"primaryImageOfPage\":{\"@id\":\"https:\\\/\\\/www.hideahose.eu\\\/over-ons\\\/#primaryimage\"},\"image\":{\"@id\":\"https:\\\/\\\/www.hideahose.eu\\\/over-ons\\\/#primaryimage\"},\"thumbnailUrl\":\"https:\\\/\\\/www.hideahose.eu\\\/wp-content\\\/uploads\\\/2023\\\/01\\\/moskesbaan-1024x576-1.jpg\",\"datePublished\":\"2022-10-20T07:48:47+00:00\",\"dateModified\":\"2025-11-14T13:52:17+00:00\",\"description\":\"Learn everything about Hide a Hose Europe, Your partner in Retractable hose systems. Order today and have it installed.\",\"breadcrumb\":{\"@id\":\"https:\\\/\\\/www.hideahose.eu\\\/over-ons\\\/#breadcrumb\"},\"inLanguage\":\"fr-FR\",\"potentialAction\":[{\"@type\":\"ReadAction\",\"target\":[\"https:\\\/\\\/www.hideahose.eu\\\/over-ons\\\/\"]}]},{\"@type\":\"ImageObject\",\"inLanguage\":\"fr-FR\",\"@id\":\"https:\\\/\\\/www.hideahose.eu\\\/over-ons\\\/#primaryimage\",\"url\":\"https:\\\/\\\/www.hideahose.eu\\\/wp-content\\\/uploads\\\/2023\\\/01\\\/moskesbaan-1024x576-1.jpg\",\"contentUrl\":\"https:\\\/\\\/www.hideahose.eu\\\/wp-content\\\/uploads\\\/2023\\\/01\\\/moskesbaan-1024x576-1.jpg\",\"width\":1024,\"height\":576},{\"@type\":\"BreadcrumbList\",\"@id\":\"https:\\\/\\\/www.hideahose.eu\\\/over-ons\\\/#breadcrumb\",\"itemListElement\":[{\"@type\":\"ListItem\",\"position\":1,\"name\":\"Home\",\"item\":\"https:\\\/\\\/www.hideahose.eu\\\/\"},{\"@type\":\"ListItem\",\"position\":2,\"name\":\"Over ons\"}]},{\"@type\":\"WebSite\",\"@id\":\"https:\\\/\\\/www.hideahose.eu\\\/#website\",\"url\":\"https:\\\/\\\/www.hideahose.eu\\\/\",\"name\":\"Hide A Hose Europe\",\"description\":\"Retractable hose system\",\"publisher\":{\"@id\":\"https:\\\/\\\/www.hideahose.eu\\\/#organization\"},\"alternateName\":\"Hide A Hose\",\"potentialAction\":[{\"@type\":\"SearchAction\",\"target\":{\"@type\":\"EntryPoint\",\"urlTemplate\":\"https:\\\/\\\/www.hideahose.eu\\\/?s={search_term_string}\"},\"query-input\":{\"@type\":\"PropertyValueSpecification\",\"valueRequired\":true,\"valueName\":\"search_term_string\"}}],\"inLanguage\":\"fr-FR\"},{\"@type\":\"Organization\",\"@id\":\"https:\\\/\\\/www.hideahose.eu\\\/#organization\",\"name\":\"Hide A Hose Europe\",\"url\":\"https:\\\/\\\/www.hideahose.eu\\\/\",\"logo\":{\"@type\":\"ImageObject\",\"inLanguage\":\"fr-FR\",\"@id\":\"https:\\\/\\\/www.hideahose.eu\\\/#\\\/schema\\\/logo\\\/image\\\/\",\"url\":\"https:\\\/\\\/www.hideahose.eu\\\/wp-content\\\/uploads\\\/2023\\\/06\\\/logo-klein.png\",\"contentUrl\":\"https:\\\/\\\/www.hideahose.eu\\\/wp-content\\\/uploads\\\/2023\\\/06\\\/logo-klein.png\",\"width\":250,\"height\":250,\"caption\":\"Hide A Hose Europe\"},\"image\":{\"@id\":\"https:\\\/\\\/www.hideahose.eu\\\/#\\\/schema\\\/logo\\\/image\\\/\"},\"sameAs\":[\"https:\\\/\\\/www.facebook.com\\\/hideahose\"]}]}<\/script>\n<!-- \/ Yoast SEO plugin. -->","yoast_head_json":{"title":"Over ons - Central Vacuum System - Hide A Hose Europe","description":"Tout savoir sur Hide a Hose Europe, votre partenaire en mati\u00e8re de syst\u00e8mes de tuyaux r\u00e9tractables. Commandez aujourd'hui et faites installer votre syst\u00e8me.","robots":{"index":"index","follow":"follow","max-snippet":"max-snippet:-1","max-image-preview":"max-image-preview:large","max-video-preview":"max-video-preview:-1"},"canonical":"https:\/\/www.hideahose.eu\/fr\/sur-les-ons\/","og_locale":"fr_FR","og_type":"article","og_title":"Over ons - Central Vacuum System - Hide A Hose Europe","og_description":"Learn everything about Hide a Hose Europe, Your partner in Retractable hose systems. Order today and have it installed.","og_url":"https:\/\/www.hideahose.eu\/fr\/sur-les-ons\/","og_site_name":"Hide A Hose Europe","article_publisher":"https:\/\/www.facebook.com\/hideahose","article_modified_time":"2025-11-14T13:52:17+00:00","og_image":[{"width":1024,"height":576,"url":"https:\/\/www.hideahose.eu\/wp-content\/uploads\/2023\/01\/moskesbaan-1024x576-1.jpg","type":"image\/jpeg"}],"twitter_card":"summary_large_image","twitter_misc":{"Dur\u00e9e de lecture estim\u00e9e":"4 minutes"},"schema":{"@context":"https:\/\/schema.org","@graph":[{"@type":"WebPage","@id":"https:\/\/www.hideahose.eu\/over-ons\/","url":"https:\/\/www.hideahose.eu\/over-ons\/","name":"Over ons - Central Vacuum System - Hide A Hose Europe","isPartOf":{"@id":"https:\/\/www.hideahose.eu\/#website"},"primaryImageOfPage":{"@id":"https:\/\/www.hideahose.eu\/over-ons\/#primaryimage"},"image":{"@id":"https:\/\/www.hideahose.eu\/over-ons\/#primaryimage"},"thumbnailUrl":"https:\/\/www.hideahose.eu\/wp-content\/uploads\/2023\/01\/moskesbaan-1024x576-1.jpg","datePublished":"2022-10-20T07:48:47+00:00","dateModified":"2025-11-14T13:52:17+00:00","description":"Tout savoir sur Hide a Hose Europe, votre partenaire en mati\u00e8re de syst\u00e8mes de tuyaux r\u00e9tractables. Commandez aujourd'hui et faites installer votre syst\u00e8me.","breadcrumb":{"@id":"https:\/\/www.hideahose.eu\/over-ons\/#breadcrumb"},"inLanguage":"fr-FR","potentialAction":[{"@type":"ReadAction","target":["https:\/\/www.hideahose.eu\/over-ons\/"]}]},{"@type":"ImageObject","inLanguage":"fr-FR","@id":"https:\/\/www.hideahose.eu\/over-ons\/#primaryimage","url":"https:\/\/www.hideahose.eu\/wp-content\/uploads\/2023\/01\/moskesbaan-1024x576-1.jpg","contentUrl":"https:\/\/www.hideahose.eu\/wp-content\/uploads\/2023\/01\/moskesbaan-1024x576-1.jpg","width":1024,"height":576},{"@type":"BreadcrumbList","@id":"https:\/\/www.hideahose.eu\/over-ons\/#breadcrumb","itemListElement":[{"@type":"ListItem","position":1,"name":"Home","item":"https:\/\/www.hideahose.eu\/"},{"@type":"ListItem","position":2,"name":"Over ons"}]},{"@type":"WebSite","@id":"https:\/\/www.hideahose.eu\/#website","url":"https:\/\/www.hideahose.eu\/","name":"Hide A Hose Europe","description":"Syst\u00e8me de tuyaux r\u00e9tractables","publisher":{"@id":"https:\/\/www.hideahose.eu\/#organization"},"alternateName":"Hide A Hose","potentialAction":[{"@type":"SearchAction","target":{"@type":"EntryPoint","urlTemplate":"https:\/\/www.hideahose.eu\/?s={search_term_string}"},"query-input":{"@type":"PropertyValueSpecification","valueRequired":true,"valueName":"search_term_string"}}],"inLanguage":"fr-FR"},{"@type":"Organization","@id":"https:\/\/www.hideahose.eu\/#organization","name":"Hide A Hose Europe","url":"https:\/\/www.hideahose.eu\/","logo":{"@type":"ImageObject","inLanguage":"fr-FR","@id":"https:\/\/www.hideahose.eu\/#\/schema\/logo\/image\/","url":"https:\/\/www.hideahose.eu\/wp-content\/uploads\/2023\/06\/logo-klein.png","contentUrl":"https:\/\/www.hideahose.eu\/wp-content\/uploads\/2023\/06\/logo-klein.png","width":250,"height":250,"caption":"Hide A Hose Europe"},"image":{"@id":"https:\/\/www.hideahose.eu\/#\/schema\/logo\/image\/"},"sameAs":["https:\/\/www.facebook.com\/hideahose"]}]}},"_links":{"self":[{"href":"https:\/\/www.hideahose.eu\/fr\/wp-json\/wp\/v2\/pages\/267","targetHints":{"allow":["GET"]}}],"collection":[{"href":"https:\/\/www.hideahose.eu\/fr\/wp-json\/wp\/v2\/pages"}],"about":[{"href":"https:\/\/www.hideahose.eu\/fr\/wp-json\/wp\/v2\/types\/page"}],"author":[{"embeddable":true,"href":"https:\/\/www.hideahose.eu\/fr\/wp-json\/wp\/v2\/users\/2"}],"replies":[{"embeddable":true,"href":"https:\/\/www.hideahose.eu\/fr\/wp-json\/wp\/v2\/comments?post=267"}],"version-history":[{"count":114,"href":"https:\/\/www.hideahose.eu\/fr\/wp-json\/wp\/v2\/pages\/267\/revisions"}],"predecessor-version":[{"id":3748,"href":"https:\/\/www.hideahose.eu\/fr\/wp-json\/wp\/v2\/pages\/267\/revisions\/3748"}],"wp:featuredmedia":[{"embeddable":true,"href":"https:\/\/www.hideahose.eu\/fr\/wp-json\/wp\/v2\/media\/1869"}],"wp:attachment":[{"href":"https:\/\/www.hideahose.eu\/fr\/wp-json\/wp\/v2\/media?parent=267"}],"curies":[{"name":"wp","href":"https:\/\/api.w.org\/{rel}","templated":true}]}}